{"id":79,"date":"2021-01-21T12:46:53","date_gmt":"2021-01-21T15:46:53","guid":{"rendered":"http:\/\/modelagemsaoroque.com.br\/?page_id=79"},"modified":"2026-02-04T12:22:51","modified_gmt":"2026-02-04T15:22:51","slug":"servicos","status":"publish","type":"page","link":"https:\/\/modelagemsaoroque.com.br\/index.php\/servicos","title":{"rendered":"Servi\u00e7os"},"content":{"rendered":"<p>[et_pb_section fb_built=&#8221;1&#8243; disabled_on=&#8221;off|off|off&#8221; admin_label=&#8221;Stats&#8221; _builder_version=&#8221;4.27.5&#8243; use_background_color_gradient=&#8221;on&#8221; background_color_gradient_stops=&#8221;rgba(12,113,195,0.36) 0%|#0c71c3 100%&#8221; background_color_gradient_overlays_image=&#8221;on&#8221; background_color_gradient_start=&#8221;rgba(12,113,195,0.36)&#8221; background_color_gradient_end=&#8221;#0c71c3&#8243; background_image=&#8221;https:\/\/modelagemsaoroque.com.br\/wp-content\/uploads\/2021\/03\/modelagem-sao-roque-fundicao-fundicao-cruzeiro-sp-usinagem-70.jpg&#8221; custom_margin=&#8221;|||&#8221; custom_padding=&#8221;200px|0px|200px|0px&#8221; top_divider_color=&#8221;#FFFFFF&#8221; bottom_divider_color=&#8221;#FFFFFF&#8221; bottom_divider_height=&#8221;12vw&#8221; hover_enabled=&#8221;0&#8243; global_colors_info=&#8221;{}&#8221; background__hover_enabled=&#8221;on|hover&#8221; background_color_gradient_end__hover=&#8221;#006fc4&#8243; use_background_color_gradient__hover=&#8221;on&#8221; bottom_divider_height__hover_enabled=&#8221;off|hover&#8221; bottom_divider_height__hover=&#8221;120px&#8221; background_color_gradient_stops__hover=&#8221;rgba(12,113,195,0.36) 0%|#006fc4 100%&#8221; sticky_enabled=&#8221;0&#8243;][et_pb_row disabled_on=&#8221;off|off|off&#8221; _builder_version=&#8221;4.16&#8243; custom_padding=&#8221;|||&#8221; global_colors_info=&#8221;{}&#8221;][et_pb_column type=&#8221;4_4&#8243; _builder_version=&#8221;4.16&#8243; custom_padding=&#8221;|||&#8221; global_colors_info=&#8221;{}&#8221; custom_padding__hover=&#8221;|||&#8221;][et_pb_text admin_label=&#8221;Page Heading &#038; Subhead&#8221; _builder_version=&#8221;4.16&#8243; text_font=&#8221;Aldrich|||on|||||&#8221; text_text_color=&#8221;rgba(255,255,255,0.59)&#8221; text_font_size=&#8221;15px&#8221; text_line_height=&#8221;1.8em&#8221; header_font=&#8221;Montserrat|700||on|||||&#8221; header_text_align=&#8221;center&#8221; header_text_color=&#8221;rgba(255,255,255,0.86)&#8221; header_font_size=&#8221;8vw&#8221; header_line_height=&#8221;1.5em&#8221; text_orientation=&#8221;center&#8221; background_layout=&#8221;dark&#8221; custom_margin=&#8221;|||&#8221; scroll_vertical_motion_enable=&#8221;on&#8221; scroll_vertical_motion=&#8221;0|50|50|100|1.5|0|-0.5&#8243; scroll_blur=&#8221;0|40|92|100|10|0|0&#8243; text_font_size_tablet=&#8221;12px&#8221; text_font_size_phone=&#8221;9px&#8221; text_font_size_last_edited=&#8221;on|desktop&#8221; header_font_size_tablet=&#8221;50px&#8221; header_font_size_phone=&#8221;40px&#8221; header_font_size_last_edited=&#8221;on|phone&#8221; text_text_shadow_style=&#8221;preset3&#8243; text_text_shadow_blur_strength=&#8221;0.6em&#8221; text_text_shadow_color=&#8221;rgba(0,0,0,0)&#8221; header_text_shadow_style=&#8221;preset3&#8243; header_text_shadow_color=&#8221;#FFFFFF&#8221; inline_fonts=&#8221;Aldrich&#8221; global_colors_info=&#8221;{}&#8221; header_text_color__hover_enabled=&#8221;on|desktop&#8221; header_text_color__hover=&#8221;rgba(255,255,255,0.52)&#8221; header_text_shadow_color__hover_enabled=&#8221;on|hover&#8221; header_text_shadow_color__hover=&#8221;rgba(0,106,193,0)&#8221; text_text_shadow_color__hover_enabled=&#8221;on|hover&#8221; text_text_shadow_color__hover=&#8221;#FFFFFF&#8221;]<\/p>\n<h1><span style=\"font-family: Aldrich;\">servi\u00e7os<\/span><\/h1>\n<p>Modelagem S\u00e3o Roque fabricando desde 1994.<\/p>\n<p>[\/et_pb_text][\/et_pb_column][\/et_pb_row][\/et_pb_section][et_pb_section fb_built=&#8221;1&#8243; admin_label=&#8221;Services Section&#8221; _builder_version=&#8221;4.16&#8243; background_color=&#8221;rgba(249,249,249,0)&#8221; custom_padding=&#8221;50px|0px|50px|0px||&#8221; global_colors_info=&#8221;{}&#8221;][et_pb_row _builder_version=&#8221;4.16&#8243; custom_padding=&#8221;|||&#8221; global_colors_info=&#8221;{}&#8221;][et_pb_column type=&#8221;4_4&#8243; _builder_version=&#8221;4.16&#8243; custom_padding=&#8221;|||&#8221; global_colors_info=&#8221;{}&#8221; custom_padding__hover=&#8221;|||&#8221;][et_pb_text admin_label=&#8221;Title&#8221; _builder_version=&#8221;4.16&#8243; text_font=&#8221;||||||||&#8221; header_font=&#8221;Aldrich||||||||&#8221; header_2_font=&#8221;Russo One||||||||&#8221; header_2_text_color=&#8221;#0074b7&#8243; header_2_font_size=&#8221;40px&#8221; header_2_line_height=&#8221;1.5em&#8221; custom_margin=&#8221;||-4px|||&#8221; custom_padding=&#8221;|||&#8221; animation_style=&#8221;bounce&#8221; header_2_font_size_tablet=&#8221;35px&#8221; header_2_font_size_phone=&#8221;30px&#8221; header_2_font_size_last_edited=&#8221;on|phone&#8221; header_2_line_height_tablet=&#8221;1em&#8221; header_2_line_height_phone=&#8221;1.4em&#8221; header_2_line_height_last_edited=&#8221;off|desktop&#8221; global_colors_info=&#8221;{}&#8221;]<\/p>\n<h2 style=\"text-align: center;\">Modelos para fundi\u00e7\u00e3o, reposi\u00e7\u00e3o e nacionaliza\u00e7\u00e3o de pe\u00e7as industriais em geral para industrias de todos os segmentos nacionais e internacionais.<\/h2>\n<p>&nbsp;<\/p>\n<p>[\/et_pb_text][et_pb_text _builder_version=&#8221;4.16&#8243; text_font=&#8221;Chakra Petch||||||||&#8221; text_text_color=&#8221;#ff8300&#8243; text_font_size=&#8221;18px&#8221; text_line_height=&#8221;1.8em&#8221; header_font=&#8221;||||||||&#8221; header_2_font=&#8221;Calistoga||||||||&#8221; header_2_text_align=&#8221;center&#8221; header_2_font_size=&#8221;40px&#8221; header_2_line_height=&#8221;1.5em&#8221; text_orientation=&#8221;center&#8221; custom_margin=&#8221;||13px|||&#8221; custom_padding=&#8221;|||&#8221; animation_style=&#8221;fade&#8221; text_font_size_tablet=&#8221;16px&#8221; text_font_size_phone=&#8221;16px&#8221; text_font_size_last_edited=&#8221;on|desktop&#8221; global_colors_info=&#8221;{}&#8221;]<\/p>\n<p><span>A S\u00e3o Roque \u00e9 uma empresa especializada em modelagem, com profissionais altamente qualificados neste campo. Desenvolvemos modelos para fundi\u00e7\u00e3o em madeira, resina, alum\u00ednio, isopor, cibatool, coquilhas, shell Molding entre outros. O modelo poder\u00e1 ser desenvolvido a partir de desenho ou pe\u00e7a amostra (danificada ou n\u00e3o). Confira abaixo.<\/span><\/p>\n<p>[\/et_pb_text][et_pb_divider color=&#8221;#0C71C3&#8243; divider_style=&#8221;double&#8221; _builder_version=&#8221;4.16&#8243; _module_preset=&#8221;default&#8221; custom_margin=&#8221;||-2px|||&#8221; animation_style=&#8221;fold&#8221; animation_direction=&#8221;left&#8221; global_colors_info=&#8221;{}&#8221;][\/et_pb_divider][\/et_pb_column][\/et_pb_row][et_pb_row column_structure=&#8221;1_2,1_2&#8243; use_custom_gutter=&#8221;on&#8221; gutter_width=&#8221;2&#8243; _builder_version=&#8221;4.16&#8243; max_width=&#8221;1440px&#8221; custom_padding=&#8221;0px||60px|||&#8221; animation_direction=&#8221;top&#8221; use_custom_width=&#8221;on&#8221; custom_width_px=&#8221;1440px&#8221; global_colors_info=&#8221;{}&#8221;][et_pb_column type=&#8221;1_2&#8243; _builder_version=&#8221;4.16&#8243; background_color=&#8221;#ffffff&#8221; custom_padding=&#8221;|||&#8221; global_colors_info=&#8221;{}&#8221; custom_padding__hover=&#8221;|||&#8221;][et_pb_image src=&#8221;https:\/\/modelagemsaoroque.com.br\/wp-content\/uploads\/2021\/01\/modelagem-sao-roque-foto-modelagem-07.jpg&#8221; title_text=&#8221;Modelagem e Manuten\u00e7\u00e3o&#8221; force_fullwidth=&#8221;on&#8221; align_tablet=&#8221;center&#8221; align_phone=&#8221;&#8221; align_last_edited=&#8221;on|desktop&#8221; module_class=&#8221;scale-image&#8221; _builder_version=&#8221;4.16&#8243; custom_margin=&#8221;-2px|||||&#8221; border_color_all=&#8221;#0C71C3&#8243; locked=&#8221;off&#8221; global_colors_info=&#8221;{}&#8221; src__hover_enabled=&#8221;off|desktop&#8221; filter_invert__hover_enabled=&#8221;off|hover&#8221; filter_invert__hover=&#8221;0%&#8221; filter_sepia__hover_enabled=&#8221;off|hover&#8221; filter_sepia__hover=&#8221;0%&#8221; filter_brightness__hover_enabled=&#8221;on|hover&#8221; filter_brightness__hover=&#8221;115%&#8221; filter_hue_rotate__hover_enabled=&#8221;off|hover&#8221; filter_hue_rotate__hover=&#8221;0deg&#8221; filter_saturate__hover_enabled=&#8221;off|hover&#8221; filter_saturate__hover=&#8221;91%&#8221; filter_opacity__hover_enabled=&#8221;off|hover&#8221; filter_opacity__hover=&#8221;100%&#8221; filter_blur__hover_enabled=&#8221;off|hover&#8221; filter_blur__hover=&#8221;0px&#8221;][\/et_pb_image][et_pb_text admin_label=&#8221;Service Name&#8221; _builder_version=&#8221;4.27.5&#8243; text_font=&#8221;Chakra Petch||||||||&#8221; text_text_color=&#8221;#ff8300&#8243; text_font_size=&#8221;15px&#8221; text_line_height=&#8221;1.8em&#8221; header_font=&#8221;||||||||&#8221; header_3_font=&#8221;Aldrich|700|||||||&#8221; header_3_text_color=&#8221;#0C71C3&#8243; header_3_line_height=&#8221;1.5em&#8221; custom_padding=&#8221;10px|20px||20px&#8221; locked=&#8221;off&#8221; global_colors_info=&#8221;{}&#8221;]<\/p>\n<h3>MODELAGEM<\/h3>\n<p><span>A S\u00e3o Roque \u00e9 uma empresa especializada em modelagem industrial, contando com profissionais altamente capacitados nessa \u00e1rea. Desenvolvemos modelos para fundi\u00e7\u00e3o em madeira, resina, alum\u00ednio, isopor, cibatool, coquilhas, shell molding, entre outros. Cada modelo \u00e9 produzido com foco em precis\u00e3o, durabilidade e desempenho no processo produtivo.<\/span><\/p>\n<p>[\/et_pb_text][\/et_pb_column][et_pb_column type=&#8221;1_2&#8243; _builder_version=&#8221;4.16&#8243; background_color=&#8221;#ffffff&#8221; custom_padding=&#8221;|||&#8221; global_colors_info=&#8221;{}&#8221; custom_padding__hover=&#8221;|||&#8221;][et_pb_image src=&#8221;https:\/\/modelagemsaoroque.com.br\/wp-content\/uploads\/2021\/01\/modelagem-sao-roque-foto-usinagem-12.jpg&#8221; title_text=&#8221;Usinagem&#8221; force_fullwidth=&#8221;on&#8221; align_tablet=&#8221;center&#8221; align_phone=&#8221;&#8221; align_last_edited=&#8221;on|desktop&#8221; module_class=&#8221;scale-image&#8221; _builder_version=&#8221;4.16&#8243; locked=&#8221;off&#8221; global_colors_info=&#8221;{}&#8221; filter_invert__hover_enabled=&#8221;off|hover&#8221; filter_invert__hover=&#8221;0%&#8221; filter_sepia__hover_enabled=&#8221;off|hover&#8221; filter_sepia__hover=&#8221;0%&#8221; filter_brightness__hover_enabled=&#8221;on|hover&#8221; filter_brightness__hover=&#8221;115%&#8221; filter_hue_rotate__hover_enabled=&#8221;off|hover&#8221; filter_hue_rotate__hover=&#8221;0deg&#8221; filter_saturate__hover_enabled=&#8221;off|hover&#8221; filter_saturate__hover=&#8221;91%&#8221; filter_opacity__hover_enabled=&#8221;off|hover&#8221; filter_opacity__hover=&#8221;100%&#8221; filter_blur__hover_enabled=&#8221;off|hover&#8221; filter_blur__hover=&#8221;0px&#8221;][\/et_pb_image][et_pb_text admin_label=&#8221;Service Name&#8221; _builder_version=&#8221;4.27.5&#8243; text_font=&#8221;Chakra Petch||||||||&#8221; text_text_color=&#8221;#ff8300&#8243; text_font_size=&#8221;15px&#8221; text_line_height=&#8221;1.8em&#8221; header_font=&#8221;||||||||&#8221; header_3_font=&#8221;Aldrich|700||on|||||&#8221; header_3_text_color=&#8221;#0C71C3&#8243; header_3_line_height=&#8221;1.5em&#8221; custom_padding=&#8221;10px|20px||20px&#8221; locked=&#8221;off&#8221; global_colors_info=&#8221;{}&#8221;]<\/p>\n<h3>Usinagem<\/h3>\n<p><span>Atenta \u00e0s necessidades do mercado e \u00e0 demanda de seus clientes, a S\u00e3o Roque investiu em moderniza\u00e7\u00e3o e hoje disp\u00f5e de m\u00e1quinas capazes de atender diversos segmentos da ind\u00fastria. Trabalhamos com diferentes processos de usinagem, garantindo qualidade, repetibilidade e excelente acabamento nas pe\u00e7as produzidas.<\/span><\/p>\n<p>[\/et_pb_text][\/et_pb_column][\/et_pb_row][et_pb_row column_structure=&#8221;1_3,1_3,1_3&#8243; use_custom_gutter=&#8221;on&#8221; gutter_width=&#8221;2&#8243; _builder_version=&#8221;4.16&#8243; max_width=&#8221;1440px&#8221; custom_padding=&#8221;18px||29px|||&#8221; animation_direction=&#8221;top&#8221; use_custom_width=&#8221;on&#8221; custom_width_px=&#8221;1440px&#8221; global_colors_info=&#8221;{}&#8221;][et_pb_column type=&#8221;1_3&#8243; _builder_version=&#8221;4.16&#8243; _module_preset=&#8221;default&#8221; global_colors_info=&#8221;{}&#8221;][et_pb_image src=&#8221;https:\/\/modelagemsaoroque.com.br\/wp-content\/uploads\/2021\/01\/modelagem-sao-roque-foto-caldeiraria-10.jpg&#8221; title_text=&#8221;Caldeiraria&#8221; force_fullwidth=&#8221;on&#8221; align_tablet=&#8221;center&#8221; align_phone=&#8221;&#8221; align_last_edited=&#8221;on|desktop&#8221; module_class=&#8221;scale-image&#8221; _builder_version=&#8221;4.16&#8243; custom_margin=&#8221;-2px|||||&#8221; locked=&#8221;off&#8221; global_colors_info=&#8221;{}&#8221; filter_invert__hover_enabled=&#8221;off|hover&#8221; filter_invert__hover=&#8221;0%&#8221; filter_sepia__hover_enabled=&#8221;off|hover&#8221; filter_sepia__hover=&#8221;0%&#8221; filter_brightness__hover_enabled=&#8221;on|hover&#8221; filter_brightness__hover=&#8221;115%&#8221; filter_hue_rotate__hover_enabled=&#8221;off|hover&#8221; filter_hue_rotate__hover=&#8221;0deg&#8221; filter_saturate__hover_enabled=&#8221;off|hover&#8221; filter_saturate__hover=&#8221;91%&#8221; filter_opacity__hover_enabled=&#8221;off|hover&#8221; filter_opacity__hover=&#8221;100%&#8221; filter_blur__hover_enabled=&#8221;off|hover&#8221; filter_blur__hover=&#8221;0px&#8221;][\/et_pb_image][et_pb_text admin_label=&#8221;Service Name&#8221; _builder_version=&#8221;4.27.5&#8243; text_font=&#8221;Chakra Petch||||||||&#8221; text_text_color=&#8221;#ff8300&#8243; text_font_size=&#8221;15px&#8221; text_line_height=&#8221;1.8em&#8221; header_font=&#8221;||||||||&#8221; header_3_font=&#8221;Aldrich|700|||||||&#8221; header_3_text_color=&#8221;#0C71C3&#8243; header_3_line_height=&#8221;1.5em&#8221; custom_padding=&#8221;10px|20px||20px&#8221; locked=&#8221;off&#8221; global_colors_info=&#8221;{}&#8221;]<\/p>\n<h3>CALDEIRARIA<\/h3>\n<p><span>A S\u00e3o Roque possui uma equipe de soldadores qualificados, com ampla experi\u00eancia profissional. Desenvolvemos estruturas met\u00e1licas, conjuntos soldados e servi\u00e7os de caldeiraria, sempre seguindo rigorosos padr\u00f5es t\u00e9cnicos, assegurando resist\u00eancia, seguran\u00e7a e confiabilidade em cada projeto executado.<\/span><\/p>\n<p>[\/et_pb_text][\/et_pb_column][et_pb_column type=&#8221;1_3&#8243; _builder_version=&#8221;4.16&#8243; background_color=&#8221;#ffffff&#8221; custom_padding=&#8221;|||&#8221; global_colors_info=&#8221;{}&#8221; custom_padding__hover=&#8221;|||&#8221;][et_pb_image src=&#8221;https:\/\/modelagemsaoroque.com.br\/wp-content\/uploads\/2021\/02\/modelagem-sao-roque-foto-usinagem-11-1.jpg&#8221; title_text=&#8221;Ferramentaria&#8221; force_fullwidth=&#8221;on&#8221; align_tablet=&#8221;center&#8221; align_phone=&#8221;&#8221; align_last_edited=&#8221;on|desktop&#8221; module_class=&#8221;scale-image&#8221; _builder_version=&#8221;4.16&#8243; custom_margin_tablet=&#8221;&#8221; custom_margin_phone=&#8221;&#8221; custom_margin_last_edited=&#8221;on|phone&#8221; global_colors_info=&#8221;{}&#8221; filter_invert__hover_enabled=&#8221;off|hover&#8221; filter_invert__hover=&#8221;0%&#8221; filter_sepia__hover_enabled=&#8221;off|hover&#8221; filter_sepia__hover=&#8221;0%&#8221; filter_brightness__hover_enabled=&#8221;on|hover&#8221; filter_brightness__hover=&#8221;115%&#8221; filter_hue_rotate__hover_enabled=&#8221;off|hover&#8221; filter_hue_rotate__hover=&#8221;0deg&#8221; filter_saturate__hover_enabled=&#8221;off|hover&#8221; filter_saturate__hover=&#8221;91%&#8221; filter_opacity__hover_enabled=&#8221;off|hover&#8221; filter_opacity__hover=&#8221;100%&#8221; filter_blur__hover_enabled=&#8221;off|hover&#8221; filter_blur__hover=&#8221;0px&#8221;][\/et_pb_image][et_pb_text admin_label=&#8221;Service Name&#8221; _builder_version=&#8221;4.27.5&#8243; text_font=&#8221;Chakra Petch||||||||&#8221; text_text_color=&#8221;#ff8300&#8243; text_font_size=&#8221;15px&#8221; text_line_height=&#8221;1.8em&#8221; header_font=&#8221;||||||||&#8221; header_3_font=&#8221;Aldrich|700||on|||||&#8221; header_3_text_color=&#8221;#0C71C3&#8243; header_3_line_height=&#8221;1.5em&#8221; custom_padding=&#8221;10px|20px||20px&#8221; global_colors_info=&#8221;{}&#8221;]<\/p>\n<h3>ferramentaria<\/h3>\n<p>Desenvolvemos dispositivos para produ\u00e7\u00e3o e controle, al\u00e9m de lotes de pe\u00e7as voltados para prot\u00f3tipos e pequenas s\u00e9ries de produ\u00e7\u00e3o. Atuamos com solu\u00e7\u00f5es sob medida, oferecendo servi\u00e7os de ferramentaria que garantem precis\u00e3o dimensional, efici\u00eancia produtiva e otimiza\u00e7\u00e3o de processos industriais.<\/p>\n<p>[\/et_pb_text][\/et_pb_column][et_pb_column type=&#8221;1_3&#8243; _builder_version=&#8221;4.16&#8243; background_color=&#8221;#ffffff&#8221; custom_padding=&#8221;|||&#8221; global_colors_info=&#8221;{}&#8221; custom_padding__hover=&#8221;|||&#8221;][et_pb_image src=&#8221;https:\/\/modelagemsaoroque.com.br\/wp-content\/uploads\/2021\/01\/modelagem-sao-roque-foto-projeto-09.jpg&#8221; title_text=&#8221;Projetos&#8221; force_fullwidth=&#8221;on&#8221; align_tablet=&#8221;center&#8221; align_phone=&#8221;&#8221; align_last_edited=&#8221;on|desktop&#8221; module_class=&#8221;scale-image&#8221; _builder_version=&#8221;4.16&#8243; locked=&#8221;off&#8221; global_colors_info=&#8221;{}&#8221; filter_invert__hover_enabled=&#8221;off|hover&#8221; filter_invert__hover=&#8221;0%&#8221; filter_sepia__hover_enabled=&#8221;off|hover&#8221; filter_sepia__hover=&#8221;0%&#8221; filter_brightness__hover_enabled=&#8221;on|hover&#8221; filter_brightness__hover=&#8221;115%&#8221; filter_hue_rotate__hover_enabled=&#8221;off|hover&#8221; filter_hue_rotate__hover=&#8221;0deg&#8221; filter_saturate__hover_enabled=&#8221;off|hover&#8221; filter_saturate__hover=&#8221;91%&#8221; filter_opacity__hover_enabled=&#8221;off|hover&#8221; filter_opacity__hover=&#8221;100%&#8221; filter_blur__hover_enabled=&#8221;off|hover&#8221; filter_blur__hover=&#8221;0px&#8221;][\/et_pb_image][et_pb_text admin_label=&#8221;Service Name&#8221; _builder_version=&#8221;4.27.5&#8243; text_font=&#8221;Chakra Petch||||||||&#8221; text_text_color=&#8221;#ff8300&#8243; text_font_size=&#8221;15px&#8221; text_line_height=&#8221;1.8em&#8221; header_font=&#8221;||||||||&#8221; header_3_font=&#8221;Aldrich|700||on|||||&#8221; header_3_text_color=&#8221;#0C71C3&#8243; header_3_line_height=&#8221;1.5em&#8221; custom_padding=&#8221;10px|20px||20px&#8221; locked=&#8221;off&#8221; global_colors_info=&#8221;{}&#8221;]<\/p>\n<h3>Projetos<\/h3>\n<p><span>Por meio de uma equipe experiente de projetistas, desenvolvemos seu produto desde a concep\u00e7\u00e3o em 2D e 3D at\u00e9 a constru\u00e7\u00e3o da pe\u00e7a final. Nossos projetos s\u00e3o elaborados com foco em viabilidade t\u00e9cnica, funcionalidade e qualidade, atendendo \u00e0s necessidades espec\u00edficas de cada cliente.<\/span><\/p>\n<p>[\/et_pb_text][\/et_pb_column][\/et_pb_row][et_pb_row _builder_version=&#8221;4.16&#8243; custom_padding=&#8221;5px||0px|||&#8221; global_colors_info=&#8221;{}&#8221;][et_pb_column type=&#8221;4_4&#8243; _builder_version=&#8221;4.16&#8243; custom_padding=&#8221;|||&#8221; global_colors_info=&#8221;{}&#8221; custom_padding__hover=&#8221;|||&#8221;][et_pb_divider color=&#8221;#0C71C3&#8243; divider_style=&#8221;double&#8221; _builder_version=&#8221;4.16&#8243; _module_preset=&#8221;default&#8221; custom_margin=&#8221;||0px|||&#8221; custom_padding=&#8221;37px|||||&#8221; animation_style=&#8221;fold&#8221; animation_direction=&#8221;left&#8221; global_colors_info=&#8221;{}&#8221;][\/et_pb_divider][et_pb_text _builder_version=&#8221;4.16&#8243; text_font=&#8221;Chakra Petch||||||||&#8221; text_text_color=&#8221;#ff8300&#8243; text_font_size=&#8221;18px&#8221; text_line_height=&#8221;1.8em&#8221; header_font=&#8221;||||||||&#8221; header_2_font=&#8221;Calistoga||||||||&#8221; header_2_text_align=&#8221;center&#8221; header_2_font_size=&#8221;40px&#8221; header_2_line_height=&#8221;1.5em&#8221; text_orientation=&#8221;center&#8221; custom_margin=&#8221;|||&#8221; custom_padding=&#8221;|||&#8221; text_font_size_tablet=&#8221;16px&#8221; text_font_size_phone=&#8221;16px&#8221; text_font_size_last_edited=&#8221;on|desktop&#8221; global_colors_info=&#8221;{}&#8221;]<\/p>\n<p><span>Estamos sempre prontos a ajudar nossos clientes com solu\u00e7\u00f5es tecnol\u00f3gicas, tanto no desenvolvimento de pe\u00e7as, quanto nos processos de fabrica\u00e7\u00e3o. Nossa experi\u00eancia de mais de 27 anos no ramo de pe\u00e7as e dispositivos, nos habilita a desenvolver produtos dos mais diversos n\u00edveis de complexidades, ajudando a mover o mundo.<\/span><\/p>\n<p>[\/et_pb_text][\/et_pb_column][\/et_pb_row][\/et_pb_section]<\/p>\n","protected":false},"excerpt":{"rendered":"<p>servi\u00e7os Modelagem S\u00e3o Roque fabricando desde 1994.Modelos para fundi\u00e7\u00e3o, reposi\u00e7\u00e3o e nacionaliza\u00e7\u00e3o de pe\u00e7as industriais em geral para industrias de todos os segmentos nacionais e internacionais. &nbsp;A S\u00e3o Roque \u00e9 uma empresa especializada em modelagem, com profissionais altamente qualificados neste campo. Desenvolvemos modelos para fundi\u00e7\u00e3o em madeira, resina, alum\u00ednio, isopor, cibatool, coquilhas, shell Molding entre [&hellip;]<\/p>\n","protected":false},"author":1,"featured_media":0,"parent":0,"menu_order":0,"comment_status":"closed","ping_status":"closed","template":"","meta":{"_et_pb_use_builder":"on","_et_pb_old_content":"","_et_gb_content_width":"","footnotes":""},"class_list":["post-79","page","type-page","status-publish","hentry"],"_links":{"self":[{"href":"https:\/\/modelagemsaoroque.com.br\/index.php\/wp-json\/wp\/v2\/pages\/79","targetHints":{"allow":["GET"]}}],"collection":[{"href":"https:\/\/modelagemsaoroque.com.br\/index.php\/wp-json\/wp\/v2\/pages"}],"about":[{"href":"https:\/\/modelagemsaoroque.com.br\/index.php\/wp-json\/wp\/v2\/types\/page"}],"author":[{"embeddable":true,"href":"https:\/\/modelagemsaoroque.com.br\/index.php\/wp-json\/wp\/v2\/users\/1"}],"replies":[{"embeddable":true,"href":"https:\/\/modelagemsaoroque.com.br\/index.php\/wp-json\/wp\/v2\/comments?post=79"}],"version-history":[{"count":41,"href":"https:\/\/modelagemsaoroque.com.br\/index.php\/wp-json\/wp\/v2\/pages\/79\/revisions"}],"predecessor-version":[{"id":1920,"href":"https:\/\/modelagemsaoroque.com.br\/index.php\/wp-json\/wp\/v2\/pages\/79\/revisions\/1920"}],"wp:attachment":[{"href":"https:\/\/modelagemsaoroque.com.br\/index.php\/wp-json\/wp\/v2\/media?parent=79"}],"curies":[{"name":"wp","href":"https:\/\/api.w.org\/{rel}","templated":true}]}}