{"id":762,"date":"2021-02-01T19:17:45","date_gmt":"2021-02-01T22:17:45","guid":{"rendered":"http:\/\/modelagemsaoroque.com.br\/?page_id=762"},"modified":"2026-02-04T12:17:17","modified_gmt":"2026-02-04T15:17:17","slug":"qualidade","status":"publish","type":"page","link":"https:\/\/modelagemsaoroque.com.br\/index.php\/qualidade","title":{"rendered":"Qualidade"},"content":{"rendered":"<p>[et_pb_section fb_built=&#8221;1&#8243; admin_label=&#8221;Footer Section&#8221; _builder_version=&#8221;4.21.0&#8243; use_background_color_gradient=&#8221;on&#8221; background_color_gradient_stops=&#8221;rgba(165,0,0,0.9) 0%|rgba(107,0,0,0.75) 100%&#8221; background_color_gradient_overlays_image=&#8221;on&#8221; background_color_gradient_start=&#8221;rgba(165,0,0,0.9)&#8221; background_color_gradient_end=&#8221;rgba(107,0,0,0.75)&#8221; background_image=&#8221;https:\/\/modelagemsaoroque.com.br\/wp-content\/uploads\/2023\/05\/SR-Sao-roque-Modelagem-qualidade-certificado.jpg&#8221; background_position=&#8221;top_left&#8221; custom_margin=&#8221;|||&#8221; custom_padding=&#8221;3vw|0px|2vw|0px||&#8221; top_divider_color=&#8221;#FFFFFF&#8221; top_divider_height=&#8221;57px&#8221; bottom_divider_color=&#8221;#ffffff&#8221; bottom_divider_height=&#8221;8%&#8221; bottom_divider_flip=&#8221;vertical&#8221; saved_tabs=&#8221;all&#8221; global_colors_info=&#8221;{}&#8221;][et_pb_row admin_label=&#8221;Footer Row&#8221; _builder_version=&#8221;4.16&#8243; custom_padding=&#8221;|||&#8221; global_colors_info=&#8221;{}&#8221;][et_pb_column type=&#8221;4_4&#8243; _builder_version=&#8221;4.16&#8243; custom_padding=&#8221;|||&#8221; global_colors_info=&#8221;{}&#8221; custom_padding__hover=&#8221;|||&#8221;][et_pb_text admin_label=&#8221;Title&#8221; _builder_version=&#8221;4.16&#8243; text_font=&#8221;Montserrat||||||||&#8221; text_text_color=&#8221;#a4bccb&#8221; text_font_size=&#8221;20px&#8221; text_line_height=&#8221;1.5em&#8221; header_font=&#8221;||||||||&#8221; header_2_font=&#8221;Aldrich|||on|||||&#8221; header_2_text_align=&#8221;center&#8221; header_2_line_height=&#8221;1.5em&#8221; header_3_font=&#8221;Russo One|500|||||||&#8221; header_3_text_align=&#8221;center&#8221; header_3_font_size=&#8221;55px&#8221; header_3_line_height=&#8221;1.5em&#8221; text_orientation=&#8221;center&#8221; background_layout=&#8221;dark&#8221; max_width=&#8221;700px&#8221; module_alignment=&#8221;center&#8221; custom_margin=&#8221;||0px|&#8221; header_font_size_tablet=&#8221;&#8221; header_font_size_phone=&#8221;&#8221; header_font_size_last_edited=&#8221;on|phone&#8221; header_2_font_size_tablet=&#8221;&#8221; header_2_font_size_phone=&#8221;26px&#8221; header_2_font_size_last_edited=&#8221;on|phone&#8221; header_3_font_size_tablet=&#8221;57px&#8221; header_3_font_size_phone=&#8221;40px&#8221; header_3_font_size_last_edited=&#8221;on|desktop&#8221; header_2_text_shadow_style=&#8221;preset1&#8243; header_2_text_shadow_blur_strength=&#8221;0.24em&#8221; header_2_text_shadow_color=&#8221;RGBA(0,0,0,0)&#8221; header_3_text_shadow_style=&#8221;preset3&#8243; header_3_text_shadow_color=&#8221;rgba(0,0,0,0)&#8221; global_colors_info=&#8221;{}&#8221; header_3_text_shadow_color__hover_enabled=&#8221;on|hover&#8221; header_3_text_shadow_color__hover=&#8221;#FFFFFF&#8221; header_2_text_shadow_color__hover_enabled=&#8221;on|hover&#8221; header_2_text_shadow_color__hover=&#8221;#FFFFFF&#8221;]<\/p>\n<h2>Nossa pol\u00edtica do Sistema<\/h2>\n<h2>de Gest\u00e3o Integrado<\/h2>\n<h3>Satisfa\u00e7\u00e3o Garantida<\/h3>\n<p>[\/et_pb_text][et_pb_divider color=&#8221;#FFFFFF&#8221; divider_style=&#8221;double&#8221; _builder_version=&#8221;4.27.5&#8243; _module_preset=&#8221;default&#8221; animation_style=&#8221;slide&#8221; animation_direction=&#8221;left&#8221; hover_enabled=&#8221;0&#8243; global_colors_info=&#8221;{}&#8221; sticky_enabled=&#8221;0&#8243;][\/et_pb_divider][et_pb_text admin_label=&#8221;Title&#8221; _builder_version=&#8221;4.16&#8243; text_font=&#8221;Montserrat||||||||&#8221; text_text_color=&#8221;#FFFFFF&#8221; text_font_size=&#8221;20px&#8221; text_line_height=&#8221;1.5em&#8221; header_font=&#8221;||||||||&#8221; header_2_font=&#8221;Aldrich||||||||&#8221; header_2_text_align=&#8221;center&#8221; header_2_font_size=&#8221;24px&#8221; header_2_line_height=&#8221;1.5em&#8221; header_3_font=&#8221;Montserrat|500|||||||&#8221; header_3_text_align=&#8221;center&#8221; header_3_font_size=&#8221;55px&#8221; header_3_line_height=&#8221;1.5em&#8221; text_orientation=&#8221;center&#8221; background_layout=&#8221;dark&#8221; max_width=&#8221;700px&#8221; module_alignment=&#8221;center&#8221; custom_margin=&#8221;-22px||0px|||&#8221; header_2_font_size_tablet=&#8221;&#8221; header_2_font_size_phone=&#8221;20px&#8221; header_2_font_size_last_edited=&#8221;on|phone&#8221; header_3_font_size_tablet=&#8221;60px&#8221; header_3_font_size_phone=&#8221;52px&#8221; header_3_font_size_last_edited=&#8221;on|tablet&#8221; header_2_text_shadow_style=&#8221;preset1&#8243; header_2_text_shadow_blur_strength=&#8221;0.3em&#8221; header_2_text_shadow_color=&#8221;RGBA(0,0,0,0)&#8221; global_colors_info=&#8221;{}&#8221; header_2_text_shadow_color__hover_enabled=&#8221;on|hover&#8221; header_2_text_shadow_color__hover=&#8221;#FFFFFF&#8221;]<\/p>\n<p>A pol\u00edtica do sistema de gest\u00e3o integrado da S\u00e3o Roque \u00e9 desenvolver produtos e servi\u00e7os na \u00e1rea industrial que atendam plenamente os requisitos de todas as partes interessadas, protegendo e preservando o meio ambiente e focando em sua melhoria cont\u00ednua, a fim de atingir a excel\u00eancia para nossos colaboradores e clientes, comprometendo-se:<\/p>\n<ul>\n<li>Garantir a conformidade com os requisitos legais aplic\u00e1veis e a outros requisitos subscritos,<\/li>\n<li>Atuar preventivamente na mitiga\u00e7\u00e3o dos impactos ambientais significativos decorrentes de suas atividades,<\/li>\n<li>Garantir o desenvolvimento pessoal e profissional de seus colaboradores;<\/li>\n<li>Buscar sempre a resolu\u00e7\u00e3o do problema atrav\u00e9s de sua causa raiz.<\/li>\n<\/ul>\n<p>[\/et_pb_text][\/et_pb_column][\/et_pb_row][et_pb_row admin_label=&#8221;Footer Row&#8221; _builder_version=&#8221;4.16&#8243; custom_padding=&#8221;1px||104px|||&#8221; global_colors_info=&#8221;{}&#8221;][et_pb_column type=&#8221;4_4&#8243; _builder_version=&#8221;4.16&#8243; custom_padding=&#8221;|||&#8221; global_colors_info=&#8221;{}&#8221; custom_padding__hover=&#8221;|||&#8221;][et_pb_divider color=&#8221;#FFFFFF&#8221; divider_style=&#8221;double&#8221; _builder_version=&#8221;4.27.5&#8243; _module_preset=&#8221;default&#8221; animation_style=&#8221;slide&#8221; animation_direction=&#8221;left&#8221; hover_enabled=&#8221;0&#8243; global_colors_info=&#8221;{}&#8221; sticky_enabled=&#8221;0&#8243;][\/et_pb_divider][et_pb_text admin_label=&#8221;Title&#8221; _builder_version=&#8221;4.21.0&#8243; text_font=&#8221;Montserrat||||||||&#8221; text_text_color=&#8221;#a4bccb&#8221; text_font_size=&#8221;20px&#8221; text_line_height=&#8221;1.5em&#8221; header_font=&#8221;||||||||&#8221; header_2_font=&#8221;Aldrich|||on|||||&#8221; header_2_text_align=&#8221;center&#8221; header_2_line_height=&#8221;1.5em&#8221; header_3_font=&#8221;Russo One|500|||||||&#8221; header_3_text_align=&#8221;center&#8221; header_3_font_size=&#8221;55px&#8221; header_3_line_height=&#8221;1.5em&#8221; text_orientation=&#8221;center&#8221; background_layout=&#8221;dark&#8221; max_width=&#8221;700px&#8221; module_alignment=&#8221;center&#8221; custom_margin=&#8221;||0px|&#8221; header_font_size_tablet=&#8221;&#8221; header_font_size_phone=&#8221;&#8221; header_font_size_last_edited=&#8221;on|phone&#8221; header_2_font_size_tablet=&#8221;&#8221; header_2_font_size_phone=&#8221;26px&#8221; header_2_font_size_last_edited=&#8221;on|phone&#8221; header_3_font_size_tablet=&#8221;57px&#8221; header_3_font_size_phone=&#8221;40px&#8221; header_3_font_size_last_edited=&#8221;on|desktop&#8221; header_2_text_shadow_style=&#8221;preset1&#8243; header_2_text_shadow_blur_strength=&#8221;0.24em&#8221; header_2_text_shadow_color=&#8221;RGBA(0,0,0,0)&#8221; header_3_text_shadow_style=&#8221;preset3&#8243; header_3_text_shadow_color=&#8221;rgba(0,0,0,0)&#8221; global_colors_info=&#8221;{}&#8221; header_3_text_shadow_color__hover_enabled=&#8221;on|hover&#8221; header_3_text_shadow_color__hover=&#8221;#FFFFFF&#8221; header_2_text_shadow_color__hover_enabled=&#8221;on|hover&#8221; header_2_text_shadow_color__hover=&#8221;#FFFFFF&#8221;]<\/p>\n<h2>certificado de qualidade<\/h2>\n<h3>ISO 9001:2015<\/h3>\n<h3>ISO 14001:2015<\/h3>\n<p>[\/et_pb_text][et_pb_image src=&#8221;https:\/\/modelagemsaoroque.com.br\/wp-content\/uploads\/2021\/09\/modelagem-sao-roque-qualidade-home-bureal-veritas-logo-01.png&#8221; align=&#8221;center&#8221; _builder_version=&#8221;4.16&#8243; _module_preset=&#8221;default&#8221; global_colors_info=&#8221;{}&#8221;][\/et_pb_image][\/et_pb_column][\/et_pb_row][\/et_pb_section][et_pb_section fb_built=&#8221;1&#8243; admin_label=&#8221;Services Section&#8221; _builder_version=&#8221;4.16&#8243; background_color=&#8221;RGBA(0,0,0,0)&#8221; custom_padding=&#8221;50px|0px|50px|0px||&#8221; global_colors_info=&#8221;{}&#8221;][et_pb_row column_structure=&#8221;1_2,1_2&#8243; use_custom_gutter=&#8221;on&#8221; gutter_width=&#8221;2&#8243; _builder_version=&#8221;4.16&#8243; max_width=&#8221;1440px&#8221; custom_padding=&#8221;0px||0px|||&#8221; animation_style=&#8221;bounce&#8221; animation_direction=&#8221;top&#8221; use_custom_width=&#8221;on&#8221; custom_width_px=&#8221;1440px&#8221; global_colors_info=&#8221;{}&#8221;][et_pb_column type=&#8221;1_2&#8243; _builder_version=&#8221;4.16&#8243; background_color=&#8221;#ffffff&#8221; custom_padding=&#8221;|||&#8221; global_colors_info=&#8221;{}&#8221; custom_padding__hover=&#8221;|||&#8221;][et_pb_text admin_label=&#8221;Title&#8221; _builder_version=&#8221;4.16&#8243; text_font=&#8221;Montserrat||||||||&#8221; text_text_color=&#8221;#a4bccb&#8221; text_font_size=&#8221;20px&#8221; text_line_height=&#8221;1.5em&#8221; header_font=&#8221;||||||||&#8221; header_2_font=&#8221;Aldrich|||on|||||&#8221; header_2_text_align=&#8221;center&#8221; header_2_line_height=&#8221;1.5em&#8221; header_3_font=&#8221;Russo One|500|||||||&#8221; header_3_text_align=&#8221;center&#8221; header_3_font_size=&#8221;55px&#8221; header_3_line_height=&#8221;1.5em&#8221; text_orientation=&#8221;center&#8221; background_layout=&#8221;dark&#8221; max_width=&#8221;700px&#8221; module_alignment=&#8221;center&#8221; custom_margin=&#8221;||0px|&#8221; header_font_size_tablet=&#8221;&#8221; header_font_size_phone=&#8221;&#8221; header_font_size_last_edited=&#8221;on|phone&#8221; header_2_font_size_tablet=&#8221;&#8221; header_2_font_size_phone=&#8221;26px&#8221; header_2_font_size_last_edited=&#8221;on|phone&#8221; header_3_font_size_tablet=&#8221;57px&#8221; header_3_font_size_phone=&#8221;40px&#8221; header_3_font_size_last_edited=&#8221;on|desktop&#8221; header_3_text_shadow_style=&#8221;preset3&#8243; header_3_text_shadow_color=&#8221;rgba(0,0,0,0)&#8221; global_colors_info=&#8221;{}&#8221; header_3_text_shadow_color__hover_enabled=&#8221;on|hover&#8221; header_3_text_shadow_color__hover=&#8221;#FFFFFF&#8221;]<\/p>\n<h2><span style=\"color: #000000;\">Certificado de qualidade<\/span><\/h2>\n<h3><span style=\"color: #000000;\">ISO 9001:2015<\/span><\/h3>\n<p>[\/et_pb_text][et_pb_image src=&#8221;https:\/\/modelagemsaoroque.com.br\/wp-content\/uploads\/2024\/09\/modelagem-sao-roque-cruzeiro-sp-qualidade-certificado-bureau-veritas-iso9001-2024.jpg&#8221; force_fullwidth=&#8221;on&#8221; align_tablet=&#8221;center&#8221; align_phone=&#8221;&#8221; align_last_edited=&#8221;on|desktop&#8221; module_class=&#8221;scale-image&#8221; _builder_version=&#8221;4.21.0&#8243; custom_margin=&#8221;-2px|||||&#8221; border_width_all=&#8221;4px&#8221; border_color_all=&#8221;#E02B20&#8243; locked=&#8221;off&#8221; global_colors_info=&#8221;{}&#8221; src__hover_enabled=&#8221;off|desktop&#8221; filter_invert__hover_enabled=&#8221;off|hover&#8221; filter_invert__hover=&#8221;0%&#8221; filter_sepia__hover_enabled=&#8221;off|hover&#8221; filter_sepia__hover=&#8221;0%&#8221; filter_brightness__hover_enabled=&#8221;on|hover&#8221; filter_brightness__hover=&#8221;115%&#8221; filter_hue_rotate__hover_enabled=&#8221;off|hover&#8221; filter_hue_rotate__hover=&#8221;0deg&#8221; filter_saturate__hover_enabled=&#8221;off|hover&#8221; filter_saturate__hover=&#8221;91%&#8221; filter_opacity__hover_enabled=&#8221;off|hover&#8221; filter_opacity__hover=&#8221;100%&#8221; filter_blur__hover_enabled=&#8221;off|hover&#8221; filter_blur__hover=&#8221;0px&#8221;][\/et_pb_image][\/et_pb_column][et_pb_column type=&#8221;1_2&#8243; _builder_version=&#8221;4.21.0&#8243; _module_preset=&#8221;default&#8221; global_colors_info=&#8221;{}&#8221;][et_pb_text admin_label=&#8221;Title&#8221; _builder_version=&#8221;4.21.0&#8243; text_font=&#8221;Montserrat||||||||&#8221; text_text_color=&#8221;#a4bccb&#8221; text_font_size=&#8221;20px&#8221; text_line_height=&#8221;1.5em&#8221; header_font=&#8221;||||||||&#8221; header_2_font=&#8221;Aldrich|||on|||||&#8221; header_2_text_align=&#8221;center&#8221; header_2_line_height=&#8221;1.5em&#8221; header_3_font=&#8221;Russo One|500|||||||&#8221; header_3_text_align=&#8221;center&#8221; header_3_font_size=&#8221;55px&#8221; header_3_line_height=&#8221;1.5em&#8221; text_orientation=&#8221;center&#8221; background_layout=&#8221;dark&#8221; max_width=&#8221;700px&#8221; module_alignment=&#8221;center&#8221; custom_margin=&#8221;||0px|&#8221; header_font_size_tablet=&#8221;&#8221; header_font_size_phone=&#8221;&#8221; header_font_size_last_edited=&#8221;on|phone&#8221; header_2_font_size_tablet=&#8221;&#8221; header_2_font_size_phone=&#8221;26px&#8221; header_2_font_size_last_edited=&#8221;on|phone&#8221; header_3_font_size_tablet=&#8221;57px&#8221; header_3_font_size_phone=&#8221;40px&#8221; header_3_font_size_last_edited=&#8221;on|desktop&#8221; header_3_text_shadow_style=&#8221;preset3&#8243; header_3_text_shadow_color=&#8221;rgba(0,0,0,0)&#8221; global_colors_info=&#8221;{}&#8221; header_3_text_shadow_color__hover_enabled=&#8221;on|hover&#8221; header_3_text_shadow_color__hover=&#8221;#FFFFFF&#8221;]<\/p>\n<h2><span style=\"color: #000000;\">Certificado de qualidade<\/span><\/h2>\n<h3><span style=\"color: #000000;\">ISO 14001:2015<\/span><\/h3>\n<p>[\/et_pb_text][et_pb_image src=&#8221;https:\/\/modelagemsaoroque.com.br\/wp-content\/uploads\/2024\/09\/modelagem-sao-roque-cruzeiro-sp-qualidade-certificado-bureau-veritas-iso14001-2024.jpg&#8221; force_fullwidth=&#8221;on&#8221; align_tablet=&#8221;center&#8221; align_phone=&#8221;&#8221; align_last_edited=&#8221;on|desktop&#8221; module_class=&#8221;scale-image&#8221; _builder_version=&#8221;4.21.0&#8243; custom_margin=&#8221;-2px|||||&#8221; border_width_all=&#8221;4px&#8221; border_color_all=&#8221;#E02B20&#8243; locked=&#8221;off&#8221; global_colors_info=&#8221;{}&#8221; src__hover_enabled=&#8221;off|desktop&#8221; filter_invert__hover_enabled=&#8221;off|hover&#8221; filter_invert__hover=&#8221;0%&#8221; filter_sepia__hover_enabled=&#8221;off|hover&#8221; filter_sepia__hover=&#8221;0%&#8221; filter_brightness__hover_enabled=&#8221;on|hover&#8221; filter_brightness__hover=&#8221;115%&#8221; filter_hue_rotate__hover_enabled=&#8221;off|hover&#8221; filter_hue_rotate__hover=&#8221;0deg&#8221; filter_saturate__hover_enabled=&#8221;off|hover&#8221; filter_saturate__hover=&#8221;91%&#8221; filter_opacity__hover_enabled=&#8221;off|hover&#8221; filter_opacity__hover=&#8221;100%&#8221; filter_blur__hover_enabled=&#8221;off|hover&#8221; filter_blur__hover=&#8221;0px&#8221;][\/et_pb_image][\/et_pb_column][\/et_pb_row][\/et_pb_section][et_pb_section fb_built=&#8221;1&#8243; admin_label=&#8221;Services Section&#8221; _builder_version=&#8221;4.16&#8243; background_color=&#8221;#FFFFFF&#8221; custom_padding=&#8221;50px|0px|50px|0px||&#8221; global_colors_info=&#8221;{}&#8221;][et_pb_row column_structure=&#8221;1_2,1_2&#8243; use_custom_gutter=&#8221;on&#8221; gutter_width=&#8221;2&#8243; _builder_version=&#8221;4.16&#8243; background_color=&#8221;RGBA(0,0,0,0)&#8221; max_width=&#8221;1440px&#8221; custom_padding=&#8221;0px||0px|||&#8221; animation_style=&#8221;bounce&#8221; animation_direction=&#8221;top&#8221; use_custom_width=&#8221;on&#8221; custom_width_px=&#8221;1440px&#8221; global_colors_info=&#8221;{}&#8221;][et_pb_column type=&#8221;1_2&#8243; _builder_version=&#8221;4.16&#8243; background_color=&#8221;#ffffff&#8221; custom_padding=&#8221;|||&#8221; global_colors_info=&#8221;{}&#8221; custom_padding__hover=&#8221;|||&#8221;][et_pb_text admin_label=&#8221;Title&#8221; _builder_version=&#8221;4.16&#8243; text_font=&#8221;||||||||&#8221; header_font=&#8221;Aldrich||||||||&#8221; header_2_font=&#8221;Russo One||||||||&#8221; header_2_text_color=&#8221;#0074b7&#8243; header_2_font_size=&#8221;40px&#8221; header_2_line_height=&#8221;1.5em&#8221; custom_margin=&#8221;||-4px|||&#8221; custom_padding=&#8221;|||&#8221; animation_style=&#8221;bounce&#8221; header_2_font_size_tablet=&#8221;35px&#8221; header_2_font_size_phone=&#8221;30px&#8221; header_2_font_size_last_edited=&#8221;on|phone&#8221; header_2_line_height_tablet=&#8221;1em&#8221; header_2_line_height_phone=&#8221;1.4em&#8221; header_2_line_height_last_edited=&#8221;off|desktop&#8221; global_colors_info=&#8221;{}&#8221;]<\/p>\n<h2 style=\"text-align: left;\">Qualidade<\/h2>\n<p>&nbsp;<\/p>\n<p>[\/et_pb_text][et_pb_divider color=&#8221;#0C71C3&#8243; divider_style=&#8221;double&#8221; _builder_version=&#8221;4.27.5&#8243; _module_preset=&#8221;default&#8221; custom_margin=&#8221;||-2px|||&#8221; animation_style=&#8221;slide&#8221; animation_direction=&#8221;left&#8221; hover_enabled=&#8221;0&#8243; global_colors_info=&#8221;{}&#8221; sticky_enabled=&#8221;0&#8243;][\/et_pb_divider][et_pb_text _builder_version=&#8221;4.16&#8243; text_font=&#8221;Chakra Petch||||||||&#8221; text_text_color=&#8221;#ff8300&#8243; text_font_size=&#8221;18px&#8221; text_line_height=&#8221;1.8em&#8221; header_font=&#8221;||||||||&#8221; header_2_font=&#8221;Calistoga||||||||&#8221; header_2_text_align=&#8221;center&#8221; header_2_font_size=&#8221;40px&#8221; header_2_line_height=&#8221;1.5em&#8221; text_orientation=&#8221;center&#8221; custom_margin=&#8221;||13px|||&#8221; custom_padding=&#8221;|||&#8221; animation_style=&#8221;fade&#8221; text_font_size_tablet=&#8221;16px&#8221; text_font_size_phone=&#8221;16px&#8221; text_font_size_last_edited=&#8221;on|desktop&#8221; global_colors_info=&#8221;{}&#8221;]<\/p>\n<p style=\"text-align: left;\"><span style=\"color: #ff0000;\">A S\u00e3o Roque est\u00e1 comprometida com a qualidade que voc\u00ea cliente exige. Al\u00e9m dos nossos processos serem certificados pela Bureau Veritas, norma ISO 9001:2015, nossos instrumentos de medi\u00e7\u00e3o sao calibrados em laboratorios licenciados pela ABNT, e pe\u00e7as fundidas tambem sao analisadas em laboratorios parceiros, seja para ensaios mecanicos END, como outros necessarios. Contamos com medi\u00e7\u00e3o 3D via Bra\u00e7o Faro, garantindo as tolerancias dimensionais em nossos projetos.<\/span><\/p>\n<p>[\/et_pb_text][\/et_pb_column][et_pb_column type=&#8221;1_2&#8243; _builder_version=&#8221;4.16&#8243; background_color=&#8221;#ffffff&#8221; custom_padding=&#8221;|||&#8221; global_colors_info=&#8221;{}&#8221; custom_padding__hover=&#8221;|||&#8221;][et_pb_image src=&#8221;https:\/\/modelagemsaoroque.com.br\/wp-content\/uploads\/2021\/02\/modelagem-sao-roque-galeria-60-2.jpg&#8221; force_fullwidth=&#8221;on&#8221; align_tablet=&#8221;center&#8221; align_phone=&#8221;&#8221; align_last_edited=&#8221;on|desktop&#8221; module_class=&#8221;scale-image&#8221; _builder_version=&#8221;4.16&#8243; custom_margin=&#8221;-2px|||||&#8221; border_color_all=&#8221;#0C71C3&#8243; locked=&#8221;off&#8221; global_colors_info=&#8221;{}&#8221; src__hover_enabled=&#8221;off|desktop&#8221; filter_invert__hover_enabled=&#8221;off|hover&#8221; filter_invert__hover=&#8221;0%&#8221; filter_sepia__hover_enabled=&#8221;off|hover&#8221; filter_sepia__hover=&#8221;0%&#8221; filter_brightness__hover_enabled=&#8221;on|hover&#8221; filter_brightness__hover=&#8221;115%&#8221; filter_hue_rotate__hover_enabled=&#8221;off|hover&#8221; filter_hue_rotate__hover=&#8221;0deg&#8221; filter_saturate__hover_enabled=&#8221;off|hover&#8221; filter_saturate__hover=&#8221;91%&#8221; filter_opacity__hover_enabled=&#8221;off|hover&#8221; filter_opacity__hover=&#8221;100%&#8221; filter_blur__hover_enabled=&#8221;off|hover&#8221; filter_blur__hover=&#8221;0px&#8221;][\/et_pb_image][\/et_pb_column][\/et_pb_row][\/et_pb_section]<\/p>\n","protected":false},"excerpt":{"rendered":"<p>Nossa pol\u00edtica do Sistema de Gest\u00e3o Integrado Satisfa\u00e7\u00e3o GarantidaA pol\u00edtica do sistema de gest\u00e3o integrado da S\u00e3o Roque \u00e9 desenvolver produtos e servi\u00e7os na \u00e1rea industrial que atendam plenamente os requisitos de todas as partes interessadas, protegendo e preservando o meio ambiente e focando em sua melhoria cont\u00ednua, a fim de atingir a excel\u00eancia para [&hellip;]<\/p>\n","protected":false},"author":1,"featured_media":0,"parent":0,"menu_order":0,"comment_status":"closed","ping_status":"closed","template":"","meta":{"_et_pb_use_builder":"on","_et_pb_old_content":"","_et_gb_content_width":"","footnotes":""},"class_list":["post-762","page","type-page","status-publish","hentry"],"_links":{"self":[{"href":"https:\/\/modelagemsaoroque.com.br\/index.php\/wp-json\/wp\/v2\/pages\/762","targetHints":{"allow":["GET"]}}],"collection":[{"href":"https:\/\/modelagemsaoroque.com.br\/index.php\/wp-json\/wp\/v2\/pages"}],"about":[{"href":"https:\/\/modelagemsaoroque.com.br\/index.php\/wp-json\/wp\/v2\/types\/page"}],"author":[{"embeddable":true,"href":"https:\/\/modelagemsaoroque.com.br\/index.php\/wp-json\/wp\/v2\/users\/1"}],"replies":[{"embeddable":true,"href":"https:\/\/modelagemsaoroque.com.br\/index.php\/wp-json\/wp\/v2\/comments?post=762"}],"version-history":[{"count":40,"href":"https:\/\/modelagemsaoroque.com.br\/index.php\/wp-json\/wp\/v2\/pages\/762\/revisions"}],"predecessor-version":[{"id":1915,"href":"https:\/\/modelagemsaoroque.com.br\/index.php\/wp-json\/wp\/v2\/pages\/762\/revisions\/1915"}],"wp:attachment":[{"href":"https:\/\/modelagemsaoroque.com.br\/index.php\/wp-json\/wp\/v2\/media?parent=762"}],"curies":[{"name":"wp","href":"https:\/\/api.w.org\/{rel}","templated":true}]}}