{"id":1750,"date":"2023-08-31T12:40:54","date_gmt":"2023-08-31T15:40:54","guid":{"rendered":"https:\/\/modelagemsaoroque.com.br\/?page_id=1750"},"modified":"2026-02-04T12:27:11","modified_gmt":"2026-02-04T15:27:11","slug":"representantes","status":"publish","type":"page","link":"https:\/\/modelagemsaoroque.com.br\/index.php\/representantes","title":{"rendered":"Representantes"},"content":{"rendered":"<p>[et_pb_section fb_built=&#8221;1&#8243; disabled_on=&#8221;off|off|off&#8221; admin_label=&#8221;Stats&#8221; _builder_version=&#8221;4.27.5&#8243; use_background_color_gradient=&#8221;on&#8221; background_color_gradient_stops=&#8221;rgba(12,113,195,0.61) 0%|#0076ad 100%&#8221; background_color_gradient_overlays_image=&#8221;on&#8221; background_color_gradient_start=&#8221;rgba(12,113,195,0.61)&#8221; background_color_gradient_end=&#8221;#0076ad&#8221; background_image=&#8221;https:\/\/modelagemsaoroque.com.br\/wp-content\/uploads\/2021\/03\/modelagem-sao-roque-fundicao-fundicao-cruzeiro-sp-usinagem-70.jpg&#8221; custom_margin=&#8221;|||&#8221; custom_padding=&#8221;200px|0px|200px|0px&#8221; top_divider_color=&#8221;#FFFFFF&#8221; bottom_divider_color=&#8221;#FFFFFF&#8221; bottom_divider_height=&#8221;12vw&#8221; hover_enabled=&#8221;0&#8243; global_colors_info=&#8221;{}&#8221; background__hover_enabled=&#8221;off|hover&#8221; background_color_gradient_end__hover=&#8221;#006fc4&#8243; use_background_color_gradient__hover=&#8221;on&#8221; bottom_divider_height__hover_enabled=&#8221;off|hover&#8221; bottom_divider_height__hover=&#8221;120px&#8221; background_color_gradient_stops__hover=&#8221;rgba(12,113,195,0.61) 0%|#006fc4 100%&#8221; sticky_enabled=&#8221;0&#8243;][et_pb_row disabled_on=&#8221;off|off|off&#8221; _builder_version=&#8221;4.16&#8243; custom_padding=&#8221;|||&#8221; global_colors_info=&#8221;{}&#8221;][et_pb_column type=&#8221;4_4&#8243; _builder_version=&#8221;4.16&#8243; custom_padding=&#8221;|||&#8221; global_colors_info=&#8221;{}&#8221; custom_padding__hover=&#8221;|||&#8221;][et_pb_text admin_label=&#8221;Page Heading &#038; Subhead&#8221; _builder_version=&#8221;4.21.0&#8243; text_font=&#8221;Aldrich|||on|||||&#8221; text_text_color=&#8221;rgba(255,255,255,0.59)&#8221; text_font_size=&#8221;15px&#8221; text_line_height=&#8221;1.8em&#8221; header_font=&#8221;Montserrat|700||on|||||&#8221; header_text_align=&#8221;center&#8221; header_text_color=&#8221;rgba(255,255,255,0.86)&#8221; header_font_size=&#8221;5vw&#8221; header_line_height=&#8221;1.5em&#8221; text_orientation=&#8221;center&#8221; background_layout=&#8221;dark&#8221; custom_margin=&#8221;|||&#8221; scroll_vertical_motion_enable=&#8221;on&#8221; scroll_vertical_motion=&#8221;0|50|50|100|1.5|0|-0.5&#8243; scroll_blur=&#8221;0|40|92|100|10|0|0&#8243; text_font_size_tablet=&#8221;12px&#8221; text_font_size_phone=&#8221;9px&#8221; text_font_size_last_edited=&#8221;on|desktop&#8221; header_font_size_tablet=&#8221;50px&#8221; header_font_size_phone=&#8221;28px&#8221; header_font_size_last_edited=&#8221;on|phone&#8221; text_text_shadow_style=&#8221;preset3&#8243; text_text_shadow_blur_strength=&#8221;0.6em&#8221; text_text_shadow_color=&#8221;rgba(0,0,0,0)&#8221; header_text_shadow_style=&#8221;preset3&#8243; header_text_shadow_color=&#8221;#FFFFFF&#8221; inline_fonts=&#8221;Aldrich&#8221; global_colors_info=&#8221;{}&#8221; header_text_color__hover_enabled=&#8221;on|desktop&#8221; header_text_color__hover=&#8221;rgba(255,255,255,0.52)&#8221; header_text_shadow_color__hover_enabled=&#8221;on|hover&#8221; header_text_shadow_color__hover=&#8221;rgba(0,106,193,0)&#8221; text_text_shadow_color__hover_enabled=&#8221;on|hover&#8221; text_text_shadow_color__hover=&#8221;#FFFFFF&#8221;]<\/p>\n<h1><span style=\"font-family: Aldrich;\">seja nosso<\/span><\/h1>\n<h1><span style=\"font-family: Aldrich;\">Representante<\/span><\/h1>\n<p>Modelagem S\u00e3o Roque fabricando desde 1994.<\/p>\n<p>[\/et_pb_text][\/et_pb_column][\/et_pb_row][\/et_pb_section][et_pb_section fb_built=&#8221;1&#8243; theme_builder_area=&#8221;post_content&#8221; _builder_version=&#8221;4.27.5&#8243; _module_preset=&#8221;default&#8221;][et_pb_row _builder_version=&#8221;4.27.5&#8243; _module_preset=&#8221;default&#8221; theme_builder_area=&#8221;post_content&#8221;][et_pb_column _builder_version=&#8221;4.27.5&#8243; _module_preset=&#8221;default&#8221; type=&#8221;4_4&#8243; theme_builder_area=&#8221;post_content&#8221;][et_pb_text _builder_version=&#8221;4.21.0&#8243; text_font=&#8221;Chakra Petch||||||||&#8221; text_text_color=&#8221;#ff8300&#8243; text_font_size=&#8221;18px&#8221; text_line_height=&#8221;1.8em&#8221; header_font=&#8221;||||||||&#8221; header_2_font=&#8221;Calistoga||||||||&#8221; header_2_text_align=&#8221;center&#8221; header_2_font_size=&#8221;40px&#8221; header_2_line_height=&#8221;1.5em&#8221; text_orientation=&#8221;center&#8221; custom_margin=&#8221;||13px|||&#8221; custom_padding=&#8221;|||&#8221; animation_style=&#8221;fade&#8221; text_font_size_tablet=&#8221;16px&#8221; text_font_size_phone=&#8221;16px&#8221; text_font_size_last_edited=&#8221;on|desktop&#8221; global_colors_info=&#8221;{}&#8221; theme_builder_area=&#8221;post_content&#8221;]<\/p>\n<p><span>Buscamos pessoas que gostam de trabalhar com pessoas! Se voc\u00ea j\u00e1 atua no ramo de representa\u00e7\u00e3o comercial, tem um CNPJ ativo para desenvolver tal atividade e v\u00ea que seus valores v\u00eam de encontro com os nossos, junte-se a n\u00f3s!<\/span><\/p>\n<p>[\/et_pb_text][et_pb_text admin_label=&#8221;Title&#8221; _builder_version=&#8221;4.21.0&#8243; text_font=&#8221;||||||||&#8221; header_font=&#8221;Aldrich||||||||&#8221; header_2_font=&#8221;Russo One||||||||&#8221; header_2_text_color=&#8221;#0074b7&#8243; header_2_font_size=&#8221;40px&#8221; header_2_line_height=&#8221;1.5em&#8221; custom_margin=&#8221;||-4px|||&#8221; custom_padding=&#8221;|||&#8221; animation_style=&#8221;bounce&#8221; header_2_font_size_tablet=&#8221;35px&#8221; header_2_font_size_phone=&#8221;30px&#8221; header_2_font_size_last_edited=&#8221;on|phone&#8221; header_2_line_height_tablet=&#8221;1em&#8221; header_2_line_height_phone=&#8221;1.4em&#8221; header_2_line_height_last_edited=&#8221;off|desktop&#8221; global_colors_info=&#8221;{}&#8221; theme_builder_area=&#8221;post_content&#8221;]<\/p>\n<h2 style=\"text-align: center;\">Cadastro<\/h2>\n<p>&nbsp;<\/p>\n<p>[\/et_pb_text][et_pb_text _builder_version=&#8221;4.21.0&#8243; text_font=&#8221;Chakra Petch||||||||&#8221; text_text_color=&#8221;#ff8300&#8243; text_font_size=&#8221;18px&#8221; text_line_height=&#8221;1.8em&#8221; header_font=&#8221;||||||||&#8221; header_2_font=&#8221;Calistoga||||||||&#8221; header_2_text_align=&#8221;center&#8221; header_2_font_size=&#8221;40px&#8221; header_2_line_height=&#8221;1.5em&#8221; text_orientation=&#8221;center&#8221; custom_margin=&#8221;||13px|||&#8221; custom_padding=&#8221;|||&#8221; animation_style=&#8221;fade&#8221; text_font_size_tablet=&#8221;16px&#8221; text_font_size_phone=&#8221;16px&#8221; text_font_size_last_edited=&#8221;on|desktop&#8221; global_colors_info=&#8221;{}&#8221; theme_builder_area=&#8221;post_content&#8221;]<\/p>\n<p><span>Clique no bot\u00e3o abaixo e cadastre-se, em breve lhe retornaremos.<\/span><\/p>\n<p>[\/et_pb_text][\/et_pb_column][\/et_pb_row][\/et_pb_section][et_pb_section fb_built=&#8221;1&#8243; _builder_version=&#8221;4.16&#8243; _module_preset=&#8221;default&#8221; custom_padding=&#8221;0px||0px|||&#8221; global_colors_info=&#8221;{}&#8221;][et_pb_row _builder_version=&#8221;4.16&#8243; _module_preset=&#8221;default&#8221; custom_padding=&#8221;0px|||||&#8221; global_colors_info=&#8221;{}&#8221;][et_pb_column type=&#8221;4_4&#8243; _builder_version=&#8221;4.16&#8243; _module_preset=&#8221;default&#8221; global_colors_info=&#8221;{}&#8221;][et_pb_button button_url=&#8221;https:\/\/bit.ly\/47Ja8Ef&#8221; url_new_window=&#8221;on&#8221; button_text=&#8221;Clique aqui e preencha o cadastro&#8221; button_alignment=&#8221;center&#8221; _builder_version=&#8221;4.21.0&#8243; _module_preset=&#8221;default&#8221; custom_button=&#8221;on&#8221; button_text_size=&#8221;32px&#8221; button_text_color=&#8221;#FFFFFF&#8221; button_bg_color=&#8221;#0C71C3&#8243; button_border_width=&#8221;0px&#8221; button_border_radius=&#8221;50px&#8221; custom_margin=&#8221;||50px|||&#8221; button_text_size_tablet=&#8221;&#8221; button_text_size_phone=&#8221;18px&#8221; button_text_size_last_edited=&#8221;on|phone&#8221; box_shadow_style=&#8221;preset3&#8243; global_colors_info=&#8221;{}&#8221; button_letter_spacing__hover_enabled=&#8221;on|hover&#8221; button_letter_spacing__hover=&#8221;5px&#8221; button_border_radius__hover_enabled=&#8221;on|hover&#8221; button_border_radius__hover=&#8221;10px&#8221; button_bg_color__hover_enabled=&#8221;on|hover&#8221; button_bg_color__hover=&#8221;#0db6e0&#8243; button_bg_enable_color__hover=&#8221;on&#8221; box_shadow_color__hover_enabled=&#8221;on|hover&#8221; box_shadow_color__hover=&#8221;#0ee3f2&#8243;][\/et_pb_button][\/et_pb_column][\/et_pb_row][\/et_pb_section]<\/p>\n","protected":false},"excerpt":{"rendered":"<p>seja nosso Representante Modelagem S\u00e3o Roque fabricando desde 1994.Buscamos pessoas que gostam de trabalhar com pessoas! Se voc\u00ea j\u00e1 atua no ramo de representa\u00e7\u00e3o comercial, tem um CNPJ ativo para desenvolver tal atividade e v\u00ea que seus valores v\u00eam de encontro com os nossos, junte-se a n\u00f3s!Cadastro &nbsp;Clique no bot\u00e3o abaixo e cadastre-se, em breve [&hellip;]<\/p>\n","protected":false},"author":1,"featured_media":0,"parent":0,"menu_order":0,"comment_status":"closed","ping_status":"closed","template":"","meta":{"_et_pb_use_builder":"on","_et_pb_old_content":"","_et_gb_content_width":"","footnotes":""},"class_list":["post-1750","page","type-page","status-publish","hentry"],"_links":{"self":[{"href":"https:\/\/modelagemsaoroque.com.br\/index.php\/wp-json\/wp\/v2\/pages\/1750","targetHints":{"allow":["GET"]}}],"collection":[{"href":"https:\/\/modelagemsaoroque.com.br\/index.php\/wp-json\/wp\/v2\/pages"}],"about":[{"href":"https:\/\/modelagemsaoroque.com.br\/index.php\/wp-json\/wp\/v2\/types\/page"}],"author":[{"embeddable":true,"href":"https:\/\/modelagemsaoroque.com.br\/index.php\/wp-json\/wp\/v2\/users\/1"}],"replies":[{"embeddable":true,"href":"https:\/\/modelagemsaoroque.com.br\/index.php\/wp-json\/wp\/v2\/comments?post=1750"}],"version-history":[{"count":10,"href":"https:\/\/modelagemsaoroque.com.br\/index.php\/wp-json\/wp\/v2\/pages\/1750\/revisions"}],"predecessor-version":[{"id":1922,"href":"https:\/\/modelagemsaoroque.com.br\/index.php\/wp-json\/wp\/v2\/pages\/1750\/revisions\/1922"}],"wp:attachment":[{"href":"https:\/\/modelagemsaoroque.com.br\/index.php\/wp-json\/wp\/v2\/media?parent=1750"}],"curies":[{"name":"wp","href":"https:\/\/api.w.org\/{rel}","templated":true}]}}