{"id":1579,"date":"2023-05-08T11:31:55","date_gmt":"2023-05-08T14:31:55","guid":{"rendered":"https:\/\/modelagemsaoroque.com.br\/?page_id=1579"},"modified":"2026-02-04T12:22:08","modified_gmt":"2026-02-04T15:22:08","slug":"meio-ambiente","status":"publish","type":"page","link":"https:\/\/modelagemsaoroque.com.br\/index.php\/meio-ambiente","title":{"rendered":"Meio Ambiente"},"content":{"rendered":"<p>[et_pb_section fb_built=&#8221;1&#8243; admin_label=&#8221;Footer Section&#8221; _builder_version=&#8221;4.21.0&#8243; use_background_color_gradient=&#8221;on&#8221; background_color_gradient_stops=&#8221;rgba(0,99,21,0.9) 0%|rgba(3,71,0,0.75) 100%&#8221; background_color_gradient_overlays_image=&#8221;on&#8221; background_color_gradient_start=&#8221;rgba(0,99,21,0.9)&#8221; background_color_gradient_end=&#8221;rgba(3,71,0,0.75)&#8221; background_image=&#8221;https:\/\/modelagemsaoroque.com.br\/wp-content\/uploads\/2023\/05\/SR-Sao-roque-Modelagem-Meio-ambiente-certificado.jpg&#8221; background_position=&#8221;top_left&#8221; custom_margin=&#8221;|||&#8221; custom_padding=&#8221;3vw|0px|1vw|0px||&#8221; top_divider_color=&#8221;#FFFFFF&#8221; top_divider_height=&#8221;57px&#8221; bottom_divider_color=&#8221;#ffffff&#8221; bottom_divider_height=&#8221;8%&#8221; bottom_divider_flip=&#8221;vertical&#8221; saved_tabs=&#8221;all&#8221; global_colors_info=&#8221;{}&#8221;][et_pb_row admin_label=&#8221;Footer Row&#8221; _builder_version=&#8221;4.16&#8243; custom_padding=&#8221;|||&#8221; global_colors_info=&#8221;{}&#8221;][et_pb_column type=&#8221;4_4&#8243; _builder_version=&#8221;4.16&#8243; custom_padding=&#8221;|||&#8221; global_colors_info=&#8221;{}&#8221; custom_padding__hover=&#8221;|||&#8221;][et_pb_text admin_label=&#8221;Title&#8221; _builder_version=&#8221;4.16&#8243; text_font=&#8221;Montserrat||||||||&#8221; text_text_color=&#8221;#a4bccb&#8221; text_font_size=&#8221;20px&#8221; text_line_height=&#8221;1.5em&#8221; header_font=&#8221;||||||||&#8221; header_2_font=&#8221;Aldrich|||on|||||&#8221; header_2_text_align=&#8221;center&#8221; header_2_line_height=&#8221;1.5em&#8221; header_3_font=&#8221;Russo One|500|||||||&#8221; header_3_text_align=&#8221;center&#8221; header_3_font_size=&#8221;55px&#8221; header_3_line_height=&#8221;1.5em&#8221; text_orientation=&#8221;center&#8221; background_layout=&#8221;dark&#8221; max_width=&#8221;700px&#8221; module_alignment=&#8221;center&#8221; custom_margin=&#8221;||0px|&#8221; header_font_size_tablet=&#8221;&#8221; header_font_size_phone=&#8221;&#8221; header_font_size_last_edited=&#8221;on|phone&#8221; header_2_font_size_tablet=&#8221;&#8221; header_2_font_size_phone=&#8221;26px&#8221; header_2_font_size_last_edited=&#8221;on|phone&#8221; header_3_font_size_tablet=&#8221;57px&#8221; header_3_font_size_phone=&#8221;40px&#8221; header_3_font_size_last_edited=&#8221;on|desktop&#8221; header_2_text_shadow_style=&#8221;preset1&#8243; header_2_text_shadow_blur_strength=&#8221;0.24em&#8221; header_2_text_shadow_color=&#8221;RGBA(0,0,0,0)&#8221; header_3_text_shadow_style=&#8221;preset3&#8243; header_3_text_shadow_color=&#8221;rgba(0,0,0,0)&#8221; global_colors_info=&#8221;{}&#8221; header_3_text_shadow_color__hover_enabled=&#8221;on|hover&#8221; header_3_text_shadow_color__hover=&#8221;#FFFFFF&#8221; header_2_text_shadow_color__hover_enabled=&#8221;on|hover&#8221; header_2_text_shadow_color__hover=&#8221;#FFFFFF&#8221;]<\/p>\n<h3>Meio Ambiente<\/h3>\n<p>[\/et_pb_text][et_pb_divider color=&#8221;#FFFFFF&#8221; divider_style=&#8221;double&#8221; _builder_version=&#8221;4.27.5&#8243; _module_preset=&#8221;default&#8221; animation_style=&#8221;slide&#8221; animation_direction=&#8221;left&#8221; hover_enabled=&#8221;0&#8243; global_colors_info=&#8221;{}&#8221; sticky_enabled=&#8221;0&#8243;][\/et_pb_divider][et_pb_text admin_label=&#8221;Title&#8221; _builder_version=&#8221;4.21.0&#8243; text_font=&#8221;Montserrat||||||||&#8221; text_text_color=&#8221;#FFFFFF&#8221; text_font_size=&#8221;20px&#8221; text_line_height=&#8221;1.5em&#8221; header_font=&#8221;||||||||&#8221; header_2_font=&#8221;Aldrich||||||||&#8221; header_2_text_align=&#8221;center&#8221; header_2_font_size=&#8221;24px&#8221; header_2_line_height=&#8221;1.5em&#8221; header_3_font=&#8221;Montserrat|500|||||||&#8221; header_3_text_align=&#8221;center&#8221; header_3_font_size=&#8221;55px&#8221; header_3_line_height=&#8221;1.5em&#8221; text_orientation=&#8221;center&#8221; background_layout=&#8221;dark&#8221; max_width=&#8221;700px&#8221; module_alignment=&#8221;center&#8221; custom_margin=&#8221;-22px||0px|||&#8221; header_2_font_size_tablet=&#8221;&#8221; header_2_font_size_phone=&#8221;20px&#8221; header_2_font_size_last_edited=&#8221;on|phone&#8221; header_3_font_size_tablet=&#8221;60px&#8221; header_3_font_size_phone=&#8221;52px&#8221; header_3_font_size_last_edited=&#8221;on|tablet&#8221; header_2_text_shadow_style=&#8221;preset1&#8243; header_2_text_shadow_blur_strength=&#8221;0.3em&#8221; header_2_text_shadow_color=&#8221;RGBA(0,0,0,0)&#8221; global_colors_info=&#8221;{}&#8221; header_2_text_shadow_color__hover_enabled=&#8221;on|hover&#8221; header_2_text_shadow_color__hover=&#8221;#FFFFFF&#8221;]<\/p>\n<p>A S\u00e3o Roque se preocupa com seus processos de fabrica\u00e7\u00e3o e como estes podem afetar o meio ambiente. Por isto tem implementado o sistema ISO 14001:2015, visando melhorar suas pr\u00e1ticas de sustentabilidade e padronizar tais a\u00e7\u00f5es, buscando sempre a melhoria cont\u00ednua!<br \/>As a\u00e7\u00f5es incluem:<\/p>\n<ul>\n<li>Reciclagem dos res\u00edduos (pl\u00e1stico, papel, cavacos met\u00e1licos e n\u00e3o met\u00e1licos) em todos os processos da empresa;<\/li>\n<\/ul>\n<p>&nbsp;<\/p>\n<ul>\n<li>Descarte correto dos res\u00edduos n\u00e3o recicl\u00e1veis atrav\u00e9s de aterros sanit\u00e1rios licenciados pela CETESB;<\/li>\n<\/ul>\n<p>&nbsp;<\/p>\n<ul>\n<li>Descarte de res\u00edduos classe 1 atrav\u00e9s de parceiros ambientais licenciados para tal atividade atrav\u00e9s da CETESB;<\/li>\n<\/ul>\n<p>&nbsp;<\/p>\n<ul>\n<li>Mitiga\u00e7\u00e3o dos impactos ambientais das atividades operacionais atrav\u00e9s de conscientiza\u00e7\u00e3o dos colaboradores e implementa\u00e7\u00e3o de novas tecnologias;<\/li>\n<\/ul>\n<p>&nbsp;<\/p>\n<ul>\n<li>Compra de materiais atrav\u00e9s de fornecedores id\u00f4neos, cujo possuem suas licen\u00e7as operacionais v\u00e1lidas;<br \/>Comprometimento com a legisla\u00e7\u00e3o em vigor;<\/li>\n<\/ul>\n<p>&nbsp;<\/p>\n<ul>\n<li>Pr\u00e1ticas sustent\u00e1veis do consumo de recursos naturais.<\/li>\n<\/ul>\n<p>[\/et_pb_text][\/et_pb_column][\/et_pb_row][et_pb_row admin_label=&#8221;Footer Row&#8221; _builder_version=&#8221;4.21.0&#8243; custom_padding=&#8221;||||false|false&#8221; global_colors_info=&#8221;{}&#8221;][et_pb_column type=&#8221;4_4&#8243; _builder_version=&#8221;4.16&#8243; custom_padding=&#8221;|||&#8221; global_colors_info=&#8221;{}&#8221; custom_padding__hover=&#8221;|||&#8221;][et_pb_divider color=&#8221;#FFFFFF&#8221; divider_style=&#8221;double&#8221; _builder_version=&#8221;4.27.5&#8243; _module_preset=&#8221;default&#8221; animation_style=&#8221;slide&#8221; animation_direction=&#8221;left&#8221; hover_enabled=&#8221;0&#8243; global_colors_info=&#8221;{}&#8221; sticky_enabled=&#8221;0&#8243;][\/et_pb_divider][et_pb_text admin_label=&#8221;Title&#8221; _builder_version=&#8221;4.16&#8243; text_font=&#8221;Montserrat||||||||&#8221; text_text_color=&#8221;#a4bccb&#8221; text_font_size=&#8221;20px&#8221; text_line_height=&#8221;1.5em&#8221; header_font=&#8221;||||||||&#8221; header_2_font=&#8221;Aldrich|||on|||||&#8221; header_2_text_align=&#8221;center&#8221; header_2_line_height=&#8221;1.5em&#8221; header_3_font=&#8221;Russo One|500|||||||&#8221; header_3_text_align=&#8221;center&#8221; header_3_font_size=&#8221;55px&#8221; header_3_line_height=&#8221;1.5em&#8221; text_orientation=&#8221;center&#8221; background_layout=&#8221;dark&#8221; max_width=&#8221;700px&#8221; module_alignment=&#8221;center&#8221; custom_margin=&#8221;||0px|&#8221; header_font_size_tablet=&#8221;&#8221; header_font_size_phone=&#8221;&#8221; header_font_size_last_edited=&#8221;on|phone&#8221; header_2_font_size_tablet=&#8221;&#8221; header_2_font_size_phone=&#8221;26px&#8221; header_2_font_size_last_edited=&#8221;on|phone&#8221; header_3_font_size_tablet=&#8221;57px&#8221; header_3_font_size_phone=&#8221;40px&#8221; header_3_font_size_last_edited=&#8221;on|desktop&#8221; header_2_text_shadow_style=&#8221;preset1&#8243; header_2_text_shadow_blur_strength=&#8221;0.24em&#8221; header_2_text_shadow_color=&#8221;RGBA(0,0,0,0)&#8221; header_3_text_shadow_style=&#8221;preset3&#8243; header_3_text_shadow_color=&#8221;rgba(0,0,0,0)&#8221; global_colors_info=&#8221;{}&#8221; header_3_text_shadow_color__hover_enabled=&#8221;on|hover&#8221; header_3_text_shadow_color__hover=&#8221;#FFFFFF&#8221; header_2_text_shadow_color__hover_enabled=&#8221;on|hover&#8221; header_2_text_shadow_color__hover=&#8221;#FFFFFF&#8221;]<\/p>\n<h2>Gest\u00e3o Ambiental<\/h2>\n<p>&nbsp;<\/p>\n<p>&nbsp;<\/p>\n<p>[\/et_pb_text][\/et_pb_column][\/et_pb_row][\/et_pb_section][et_pb_section fb_built=&#8221;1&#8243; admin_label=&#8221;Services Section&#8221; _builder_version=&#8221;4.16&#8243; background_color=&#8221;RGBA(0,0,0,0)&#8221; custom_padding=&#8221;50px|0px|50px|0px||&#8221; global_colors_info=&#8221;{}&#8221;][et_pb_row column_structure=&#8221;1_2,1_2&#8243; use_custom_gutter=&#8221;on&#8221; gutter_width=&#8221;2&#8243; _builder_version=&#8221;4.16&#8243; max_width=&#8221;1440px&#8221; custom_padding=&#8221;0px||0px|||&#8221; animation_style=&#8221;bounce&#8221; animation_direction=&#8221;top&#8221; use_custom_width=&#8221;on&#8221; custom_width_px=&#8221;1440px&#8221; global_colors_info=&#8221;{}&#8221;][et_pb_column type=&#8221;1_2&#8243; _builder_version=&#8221;4.16&#8243; background_color=&#8221;#ffffff&#8221; custom_padding=&#8221;|||&#8221; global_colors_info=&#8221;{}&#8221; custom_padding__hover=&#8221;|||&#8221;][et_pb_image src=&#8221;https:\/\/modelagemsaoroque.com.br\/wp-content\/uploads\/2023\/05\/Poli\u0301tica-da-Qualidade-e-Ambiental.png&#8221; force_fullwidth=&#8221;on&#8221; align_tablet=&#8221;center&#8221; align_phone=&#8221;&#8221; align_last_edited=&#8221;on|desktop&#8221; module_class=&#8221;scale-image&#8221; _builder_version=&#8221;4.16&#8243; custom_margin=&#8221;-2px|||||&#8221; border_width_all=&#8221;4px&#8221; border_color_all=&#8221;#E02B20&#8243; locked=&#8221;off&#8221; global_colors_info=&#8221;{}&#8221; src__hover_enabled=&#8221;off|desktop&#8221; filter_invert__hover_enabled=&#8221;off|hover&#8221; filter_invert__hover=&#8221;0%&#8221; filter_sepia__hover_enabled=&#8221;off|hover&#8221; filter_sepia__hover=&#8221;0%&#8221; filter_brightness__hover_enabled=&#8221;on|hover&#8221; filter_brightness__hover=&#8221;115%&#8221; filter_hue_rotate__hover_enabled=&#8221;off|hover&#8221; filter_hue_rotate__hover=&#8221;0deg&#8221; filter_saturate__hover_enabled=&#8221;off|hover&#8221; filter_saturate__hover=&#8221;91%&#8221; filter_opacity__hover_enabled=&#8221;off|hover&#8221; filter_opacity__hover=&#8221;100%&#8221; filter_blur__hover_enabled=&#8221;off|hover&#8221; filter_blur__hover=&#8221;0px&#8221;][\/et_pb_image][\/et_pb_column][et_pb_column type=&#8221;1_2&#8243; _builder_version=&#8221;4.16&#8243; background_color=&#8221;#ffffff&#8221; custom_padding=&#8221;|||&#8221; global_colors_info=&#8221;{}&#8221; custom_padding__hover=&#8221;|||&#8221;][et_pb_text admin_label=&#8221;Title&#8221; _builder_version=&#8221;4.16&#8243; text_font=&#8221;Montserrat||||||||&#8221; text_text_color=&#8221;#a4bccb&#8221; text_font_size=&#8221;20px&#8221; text_line_height=&#8221;1.5em&#8221; header_font=&#8221;||||||||&#8221; header_2_font=&#8221;Aldrich|||on|||||&#8221; header_2_text_align=&#8221;center&#8221; header_2_line_height=&#8221;1.5em&#8221; header_3_font=&#8221;Russo One|500|||||||&#8221; header_3_text_align=&#8221;center&#8221; header_3_font_size=&#8221;55px&#8221; header_3_line_height=&#8221;1.5em&#8221; text_orientation=&#8221;center&#8221; background_layout=&#8221;dark&#8221; max_width=&#8221;700px&#8221; module_alignment=&#8221;center&#8221; custom_margin=&#8221;||0px|&#8221; header_font_size_tablet=&#8221;&#8221; header_font_size_phone=&#8221;&#8221; header_font_size_last_edited=&#8221;on|phone&#8221; header_2_font_size_tablet=&#8221;&#8221; header_2_font_size_phone=&#8221;26px&#8221; header_2_font_size_last_edited=&#8221;on|phone&#8221; header_3_font_size_tablet=&#8221;57px&#8221; header_3_font_size_phone=&#8221;40px&#8221; header_3_font_size_last_edited=&#8221;on|desktop&#8221; header_3_text_shadow_style=&#8221;preset3&#8243; header_3_text_shadow_color=&#8221;rgba(0,0,0,0)&#8221; global_colors_info=&#8221;{}&#8221; header_3_text_shadow_color__hover_enabled=&#8221;on|hover&#8221; header_3_text_shadow_color__hover=&#8221;#FFFFFF&#8221;]<\/p>\n<h2><span style=\"color: #000000;\">Pol\u00edtica do Sistema de <\/span><\/h2>\n<h2><span style=\"color: #000000;\">Gest\u00e3o de Qualidade e Ambiental<\/span><\/h2>\n<h3><span style=\"color: #000000;\"><\/span><\/h3>\n<p>[\/et_pb_text][et_pb_divider color=&#8221;#E02B20&#8243; divider_style=&#8221;double&#8221; _builder_version=&#8221;4.27.5&#8243; _module_preset=&#8221;default&#8221; animation_style=&#8221;slide&#8221; animation_direction=&#8221;left&#8221; hover_enabled=&#8221;0&#8243; global_colors_info=&#8221;{}&#8221; sticky_enabled=&#8221;0&#8243;][\/et_pb_divider][et_pb_button button_url=&#8221;https:\/\/modelagemsaoroque.com.br\/wp-content\/uploads\/2023\/05\/Poli\u0301tica-da-Qualidade-e-Ambiental.pdf&#8221; button_text=&#8221;download pdf&#8221; button_alignment=&#8221;center&#8221; button_alignment_tablet=&#8221;center&#8221; button_alignment_phone=&#8221;center&#8221; button_alignment_last_edited=&#8221;on|phone&#8221; module_class=&#8221;download-button&#8221; _builder_version=&#8221;4.16&#8243; custom_button=&#8221;on&#8221; button_text_size=&#8221;18px&#8221; button_text_color=&#8221;#ffffff&#8221; button_bg_color=&#8221;#c61b1b&#8221; button_border_width=&#8221;0px&#8221; button_border_color=&#8221;#E09900&#8243; button_border_radius=&#8221;58px&#8221; button_letter_spacing=&#8221;0px&#8221; button_font=&#8221;Aldrich|||on|||||&#8221; custom_margin=&#8221;16px|||||&#8221; custom_padding=&#8221;||||false|false&#8221; button_text_size_tablet=&#8221;&#8221; button_text_size_phone=&#8221;16px&#8221; button_text_size_last_edited=&#8221;on|desktop&#8221; box_shadow_style=&#8221;preset3&#8243; box_shadow_color=&#8221;RGBA(0,0,0,0)&#8221; button_border_radius_hover=&#8221;4px&#8221; global_colors_info=&#8221;{}&#8221; button_text_size__hover_enabled=&#8221;off&#8221; button_one_text_size__hover_enabled=&#8221;off&#8221; button_two_text_size__hover_enabled=&#8221;off&#8221; button_text_color__hover_enabled=&#8221;off&#8221; button_one_text_color__hover_enabled=&#8221;off&#8221; button_two_text_color__hover_enabled=&#8221;off&#8221; button_border_width__hover_enabled=&#8221;off&#8221; button_one_border_width__hover_enabled=&#8221;off&#8221; button_two_border_width__hover_enabled=&#8221;off&#8221; button_border_color__hover_enabled=&#8221;off&#8221; button_one_border_color__hover_enabled=&#8221;off&#8221; button_two_border_color__hover_enabled=&#8221;off&#8221; button_border_radius__hover_enabled=&#8221;on|desktop&#8221; button_border_radius__hover=&#8221;4px&#8221; button_one_border_radius__hover_enabled=&#8221;off&#8221; button_two_border_radius__hover_enabled=&#8221;off&#8221; button_letter_spacing__hover_enabled=&#8221;on|hover&#8221; button_one_letter_spacing__hover_enabled=&#8221;off&#8221; button_two_letter_spacing__hover_enabled=&#8221;off&#8221; button_bg_color__hover_enabled=&#8221;on|hover&#8221; button_one_bg_color__hover_enabled=&#8221;off&#8221; button_two_bg_color__hover_enabled=&#8221;off&#8221; custom_padding__hover=&#8221;0px|30px|0px|20px|false|false&#8221; custom_padding__hover_enabled=&#8221;off|desktop&#8221; button_bg_color__hover=&#8221;#7CDA24&#8243; box_shadow_color__hover=&#8221;#7CDA24&#8243; box_shadow_color__hover_enabled=&#8221;on|hover&#8221; button_letter_spacing__hover=&#8221;5px&#8221; button_bg_enable_color__hover=&#8221;on&#8221;][\/et_pb_button][\/et_pb_column][\/et_pb_row][\/et_pb_section]<\/p>\n","protected":false},"excerpt":{"rendered":"<p>Meio AmbienteA S\u00e3o Roque se preocupa com seus processos de fabrica\u00e7\u00e3o e como estes podem afetar o meio ambiente. Por isto tem implementado o sistema ISO 14001:2015, visando melhorar suas pr\u00e1ticas de sustentabilidade e padronizar tais a\u00e7\u00f5es, buscando sempre a melhoria cont\u00ednua!As a\u00e7\u00f5es incluem: Reciclagem dos res\u00edduos (pl\u00e1stico, papel, cavacos met\u00e1licos e n\u00e3o met\u00e1licos) em [&hellip;]<\/p>\n","protected":false},"author":1,"featured_media":0,"parent":0,"menu_order":0,"comment_status":"closed","ping_status":"closed","template":"","meta":{"_et_pb_use_builder":"on","_et_pb_old_content":"","_et_gb_content_width":"","footnotes":""},"class_list":["post-1579","page","type-page","status-publish","hentry"],"_links":{"self":[{"href":"https:\/\/modelagemsaoroque.com.br\/index.php\/wp-json\/wp\/v2\/pages\/1579","targetHints":{"allow":["GET"]}}],"collection":[{"href":"https:\/\/modelagemsaoroque.com.br\/index.php\/wp-json\/wp\/v2\/pages"}],"about":[{"href":"https:\/\/modelagemsaoroque.com.br\/index.php\/wp-json\/wp\/v2\/types\/page"}],"author":[{"embeddable":true,"href":"https:\/\/modelagemsaoroque.com.br\/index.php\/wp-json\/wp\/v2\/users\/1"}],"replies":[{"embeddable":true,"href":"https:\/\/modelagemsaoroque.com.br\/index.php\/wp-json\/wp\/v2\/comments?post=1579"}],"version-history":[{"count":17,"href":"https:\/\/modelagemsaoroque.com.br\/index.php\/wp-json\/wp\/v2\/pages\/1579\/revisions"}],"predecessor-version":[{"id":1919,"href":"https:\/\/modelagemsaoroque.com.br\/index.php\/wp-json\/wp\/v2\/pages\/1579\/revisions\/1919"}],"wp:attachment":[{"href":"https:\/\/modelagemsaoroque.com.br\/index.php\/wp-json\/wp\/v2\/media?parent=1579"}],"curies":[{"name":"wp","href":"https:\/\/api.w.org\/{rel}","templated":true}]}}